{"id":908,"date":"2024-05-27T11:54:27","date_gmt":"2024-05-27T09:54:27","guid":{"rendered":"https:\/\/jb7-immobilienvermittler.de\/impressum\/"},"modified":"2024-07-15T13:38:00","modified_gmt":"2024-07-15T11:38:00","slug":"impressum","status":"publish","type":"page","link":"https:\/\/jb7-immobilienvermittler.de\/en\/impressum\/","title":{"rendered":"Impressum"},"content":{"rendered":"\t\t<div data-elementor-type=\"wp-page\" data-elementor-id=\"908\" class=\"elementor elementor-908 elementor-481\" data-elementor-post-type=\"page\">\n\t\t\t\t<div class=\"elementor-element elementor-element-3e09f57 e-flex e-con-boxed e-con e-parent\" data-id=\"3e09f57\" data-element_type=\"container\" data-e-type=\"container\" data-settings=\"{&quot;background_background&quot;:&quot;classic&quot;}\">\n\t\t\t\t\t<div class=\"e-con-inner\">\n\t\t<div class=\"elementor-element elementor-element-50e9e6a e-con-full e-flex e-con e-child\" data-id=\"50e9e6a\" data-element_type=\"container\" data-e-type=\"container\" data-settings=\"{&quot;background_background&quot;:&quot;classic&quot;}\">\n\t\t<div class=\"elementor-element elementor-element-6499161 e-con-full e-flex e-con e-child\" data-id=\"6499161\" data-element_type=\"container\" data-e-type=\"container\">\n\t\t\t\t<div class=\"elementor-element elementor-element-1948945 elementor-widget elementor-widget-heading\" data-id=\"1948945\" data-element_type=\"widget\" data-e-type=\"widget\" data-widget_type=\"heading.default\">\n\t\t\t\t<div class=\"elementor-widget-container\">\n\t\t\t\t\t<h1 class=\"elementor-heading-title elementor-size-default\">impressum<\/h1>\t\t\t\t<\/div>\n\t\t\t\t<\/div>\n\t\t\t\t<div class=\"elementor-element elementor-element-5dca4a4 elementor-widget__width-initial elementor-widget elementor-widget-text-editor\" data-id=\"5dca4a4\" data-element_type=\"widget\" data-e-type=\"widget\" data-widget_type=\"text-editor.default\">\n\t\t\t\t<div class=\"elementor-widget-container\">\n\t\t\t\t\t\t\t\t\t<p><strong>JB7 Immobilienvermittler GmbH<br \/>\n<\/strong>Seem\u00fcllerstra\u00dfe 5b<br \/>\nD &#8211; 81549 M\u00fcnchen<\/p>\n<p>Handelsregister: HRB\u00a0293043<br \/>\nRegistergericht: Amtsgericht M\u00fcnchen<\/p>\n<p><strong>Vertreten durch:<\/strong><br \/>\nBenedikt Grosche<br \/>\nJil Grosche<\/p>\n<p><strong>Kontakt<br \/>\n<\/strong>+49 152 29615752<br \/>\n<a href=\"mailto:Beni@jb7-immobilienvermittler.de\">Beni@jb7-immobilienvermittler.de<\/a><br \/>\n<a href=\"mailto:Beni@jb7-immobilienvermittler.de\">Jil@jb7-immobilienvermittler.de<\/a><\/p>\n<p><strong>Umsatzsteuer-ID<br \/>\n<\/strong>in Bearbeitung<\/p>\n<p><strong>Redaktionell verantwortlich:<br \/>\n<\/strong>Benedikt &amp; Jil Grosche<\/p>\n\t\t\t\t\t\t\t\t<\/div>\n\t\t\t\t<\/div>\n\t\t\t\t<\/div>\n\t\t\t\t<\/div>\n\t\t\t\t\t<\/div>\n\t\t\t\t<\/div>\n\t\t\t\t<\/div>\n\t\t","protected":false},"excerpt":{"rendered":"<p>impressum JB7 Immobilienvermittler GmbH Seem\u00fcllerstra\u00dfe 5b D &#8211; 81549 M\u00fcnchen Handelsregister: HRB\u00a0293043 Registergericht: Amtsgericht M\u00fcnchen Vertreten durch: Benedikt Grosche Jil Grosche Kontakt +49 152 29615752 Beni@jb7-immobilienvermittler.de Jil@jb7-immobilienvermittler.de Umsatzsteuer-ID in Bearbeitung Redaktionell verantwortlich: Benedikt &amp; Jil Grosche<\/p>\n","protected":false},"author":2,"featured_media":0,"parent":0,"menu_order":0,"comment_status":"closed","ping_status":"closed","template":"","meta":{"footnotes":""},"class_list":["post-908","page","type-page","status-publish","hentry"],"yoast_head":"<!-- This site is optimized with the Yoast SEO plugin v27.0 - https:\/\/yoast.com\/product\/yoast-seo-wordpress\/ -->\n<title>JB7 - Impressum<\/title>\n<meta name=\"description\" content=\"In unserem Impressum finden Sie alle wichtigen Informationen zu unserem Unternehmen. Schauen Sie gern vorbei!\" \/>\n<meta name=\"robots\" content=\"index, follow, max-snippet:-1, max-image-preview:large, max-video-preview:-1\" \/>\n<link rel=\"canonical\" href=\"https:\/\/jb7-immobilienvermittler.de\/en\/impressum\/\" \/>\n<meta property=\"og:locale\" content=\"en_US\" \/>\n<meta property=\"og:type\" content=\"article\" \/>\n<meta property=\"og:title\" content=\"JB7 - Impressum\" \/>\n<meta property=\"og:description\" content=\"In unserem Impressum finden Sie alle wichtigen Informationen zu unserem Unternehmen. Schauen Sie gern vorbei!\" \/>\n<meta property=\"og:url\" content=\"https:\/\/jb7-immobilienvermittler.de\/en\/impressum\/\" \/>\n<meta property=\"og:site_name\" content=\"JB7 Immobilienvermittler\" \/>\n<meta property=\"article:modified_time\" content=\"2024-07-15T11:38:00+00:00\" \/>\n<meta name=\"twitter:card\" content=\"summary_large_image\" \/>\n<script type=\"application\/ld+json\" class=\"yoast-schema-graph\">{\"@context\":\"https:\/\/schema.org\",\"@graph\":[{\"@type\":\"WebPage\",\"@id\":\"https:\/\/jb7-immobilienvermittler.de\/en\/impressum\/\",\"url\":\"https:\/\/jb7-immobilienvermittler.de\/en\/impressum\/\",\"name\":\"JB7 - Impressum\",\"isPartOf\":{\"@id\":\"https:\/\/jb7-immobilienvermittler.de\/en\/#website\"},\"datePublished\":\"2024-05-27T09:54:27+00:00\",\"dateModified\":\"2024-07-15T11:38:00+00:00\",\"description\":\"In unserem Impressum finden Sie alle wichtigen Informationen zu unserem Unternehmen. Schauen Sie gern vorbei!\",\"breadcrumb\":{\"@id\":\"https:\/\/jb7-immobilienvermittler.de\/en\/impressum\/#breadcrumb\"},\"inLanguage\":\"en-US\",\"potentialAction\":[{\"@type\":\"ReadAction\",\"target\":[\"https:\/\/jb7-immobilienvermittler.de\/en\/impressum\/\"]}]},{\"@type\":\"BreadcrumbList\",\"@id\":\"https:\/\/jb7-immobilienvermittler.de\/en\/impressum\/#breadcrumb\",\"itemListElement\":[{\"@type\":\"ListItem\",\"position\":1,\"name\":\"Startseite\",\"item\":\"https:\/\/jb7-immobilienvermittler.de\/en\/\"},{\"@type\":\"ListItem\",\"position\":2,\"name\":\"Impressum\"}]},{\"@type\":\"WebSite\",\"@id\":\"https:\/\/jb7-immobilienvermittler.de\/en\/#website\",\"url\":\"https:\/\/jb7-immobilienvermittler.de\/en\/\",\"name\":\"JB7 Immobilienvermittler\",\"description\":\"Mit unserem Netzwerk zur perfekten Immobilie.\",\"potentialAction\":[{\"@type\":\"SearchAction\",\"target\":{\"@type\":\"EntryPoint\",\"urlTemplate\":\"https:\/\/jb7-immobilienvermittler.de\/en\/?s={search_term_string}\"},\"query-input\":{\"@type\":\"PropertyValueSpecification\",\"valueRequired\":true,\"valueName\":\"search_term_string\"}}],\"inLanguage\":\"en-US\"}]}<\/script>\n<!-- \/ Yoast SEO plugin. -->","yoast_head_json":{"title":"JB7 - Impressum","description":"In unserem Impressum finden Sie alle wichtigen Informationen zu unserem Unternehmen. Schauen Sie gern vorbei!","robots":{"index":"index","follow":"follow","max-snippet":"max-snippet:-1","max-image-preview":"max-image-preview:large","max-video-preview":"max-video-preview:-1"},"canonical":"https:\/\/jb7-immobilienvermittler.de\/en\/impressum\/","og_locale":"en_US","og_type":"article","og_title":"JB7 - Impressum","og_description":"In unserem Impressum finden Sie alle wichtigen Informationen zu unserem Unternehmen. Schauen Sie gern vorbei!","og_url":"https:\/\/jb7-immobilienvermittler.de\/en\/impressum\/","og_site_name":"JB7 Immobilienvermittler","article_modified_time":"2024-07-15T11:38:00+00:00","twitter_card":"summary_large_image","schema":{"@context":"https:\/\/schema.org","@graph":[{"@type":"WebPage","@id":"https:\/\/jb7-immobilienvermittler.de\/en\/impressum\/","url":"https:\/\/jb7-immobilienvermittler.de\/en\/impressum\/","name":"JB7 - Impressum","isPartOf":{"@id":"https:\/\/jb7-immobilienvermittler.de\/en\/#website"},"datePublished":"2024-05-27T09:54:27+00:00","dateModified":"2024-07-15T11:38:00+00:00","description":"In unserem Impressum finden Sie alle wichtigen Informationen zu unserem Unternehmen. Schauen Sie gern vorbei!","breadcrumb":{"@id":"https:\/\/jb7-immobilienvermittler.de\/en\/impressum\/#breadcrumb"},"inLanguage":"en-US","potentialAction":[{"@type":"ReadAction","target":["https:\/\/jb7-immobilienvermittler.de\/en\/impressum\/"]}]},{"@type":"BreadcrumbList","@id":"https:\/\/jb7-immobilienvermittler.de\/en\/impressum\/#breadcrumb","itemListElement":[{"@type":"ListItem","position":1,"name":"Startseite","item":"https:\/\/jb7-immobilienvermittler.de\/en\/"},{"@type":"ListItem","position":2,"name":"Impressum"}]},{"@type":"WebSite","@id":"https:\/\/jb7-immobilienvermittler.de\/en\/#website","url":"https:\/\/jb7-immobilienvermittler.de\/en\/","name":"JB7 Immobilienvermittler","description":"Mit unserem Netzwerk zur perfekten Immobilie.","potentialAction":[{"@type":"SearchAction","target":{"@type":"EntryPoint","urlTemplate":"https:\/\/jb7-immobilienvermittler.de\/en\/?s={search_term_string}"},"query-input":{"@type":"PropertyValueSpecification","valueRequired":true,"valueName":"search_term_string"}}],"inLanguage":"en-US"}]}},"_links":{"self":[{"href":"https:\/\/jb7-immobilienvermittler.de\/en\/wp-json\/wp\/v2\/pages\/908","targetHints":{"allow":["GET"]}}],"collection":[{"href":"https:\/\/jb7-immobilienvermittler.de\/en\/wp-json\/wp\/v2\/pages"}],"about":[{"href":"https:\/\/jb7-immobilienvermittler.de\/en\/wp-json\/wp\/v2\/types\/page"}],"author":[{"embeddable":true,"href":"https:\/\/jb7-immobilienvermittler.de\/en\/wp-json\/wp\/v2\/users\/2"}],"replies":[{"embeddable":true,"href":"https:\/\/jb7-immobilienvermittler.de\/en\/wp-json\/wp\/v2\/comments?post=908"}],"version-history":[{"count":1,"href":"https:\/\/jb7-immobilienvermittler.de\/en\/wp-json\/wp\/v2\/pages\/908\/revisions"}],"predecessor-version":[{"id":909,"href":"https:\/\/jb7-immobilienvermittler.de\/en\/wp-json\/wp\/v2\/pages\/908\/revisions\/909"}],"wp:attachment":[{"href":"https:\/\/jb7-immobilienvermittler.de\/en\/wp-json\/wp\/v2\/media?parent=908"}],"curies":[{"name":"wp","href":"https:\/\/api.w.org\/{rel}","templated":true}]}}